{"id":1274,"date":"2025-06-06T10:32:07","date_gmt":"2025-06-06T14:32:07","guid":{"rendered":"https:\/\/www.culturebeaconsfield.ca\/our-story\/historique\/"},"modified":"2025-06-17T15:39:39","modified_gmt":"2025-06-17T19:39:39","slug":"history","status":"publish","type":"page","link":"https:\/\/www.culturebeaconsfield.ca\/en\/our-story\/history\/","title":{"rendered":"History"},"content":{"rendered":"\t\t<div data-elementor-type=\"wp-page\" data-elementor-id=\"1274\" class=\"elementor elementor-1274 elementor-739\" data-elementor-post-type=\"page\">\n\t\t\t\t<div class=\"elementor-element elementor-element-7ec8d69 e-flex e-con-boxed e-con e-parent\" data-id=\"7ec8d69\" data-element_type=\"container\" data-e-type=\"container\">\n\t\t\t\t\t<div class=\"e-con-inner\">\n\t\t<div class=\"elementor-element elementor-element-d442cbd e-con-full e-flex elementor-invisible e-con e-child\" data-id=\"d442cbd\" data-element_type=\"container\" data-e-type=\"container\" data-settings=\"{&quot;animation&quot;:&quot;fadeIn&quot;}\">\n\t\t\t\t<div class=\"elementor-element elementor-element-9c1ef61 elementor-cta--valign-middle e-transform e-transform elementor-widget__width-initial elementor-cta--skin-classic elementor-widget elementor-widget-call-to-action\" data-id=\"9c1ef61\" data-element_type=\"widget\" data-e-type=\"widget\" data-settings=\"{&quot;_transform_rotateZ_effect_hover&quot;:{&quot;unit&quot;:&quot;px&quot;,&quot;size&quot;:1,&quot;sizes&quot;:[]},&quot;_transform_translateY_effect_hover&quot;:{&quot;unit&quot;:&quot;px&quot;,&quot;size&quot;:-16,&quot;sizes&quot;:[]},&quot;_transform_rotateZ_effect_hover_tablet&quot;:{&quot;unit&quot;:&quot;deg&quot;,&quot;size&quot;:&quot;&quot;,&quot;sizes&quot;:[]},&quot;_transform_rotateZ_effect_hover_mobile&quot;:{&quot;unit&quot;:&quot;deg&quot;,&quot;size&quot;:&quot;&quot;,&quot;sizes&quot;:[]},&quot;_transform_translateX_effect_hover&quot;:{&quot;unit&quot;:&quot;px&quot;,&quot;size&quot;:&quot;&quot;,&quot;sizes&quot;:[]},&quot;_transform_translateX_effect_hover_tablet&quot;:{&quot;unit&quot;:&quot;px&quot;,&quot;size&quot;:&quot;&quot;,&quot;sizes&quot;:[]},&quot;_transform_translateX_effect_hover_mobile&quot;:{&quot;unit&quot;:&quot;px&quot;,&quot;size&quot;:&quot;&quot;,&quot;sizes&quot;:[]},&quot;_transform_translateY_effect_hover_tablet&quot;:{&quot;unit&quot;:&quot;px&quot;,&quot;size&quot;:&quot;&quot;,&quot;sizes&quot;:[]},&quot;_transform_translateY_effect_hover_mobile&quot;:{&quot;unit&quot;:&quot;px&quot;,&quot;size&quot;:&quot;&quot;,&quot;sizes&quot;:[]}}\" data-widget_type=\"call-to-action.default\">\n\t\t\t\t<div class=\"elementor-widget-container\">\n\t\t\t\t\t\t\t<a class=\"elementor-cta\" href=\"https:\/\/www.culturebeaconsfield.ca\/notre-histoire\/historique\/le-parcours\/\">\n\t\t\t\t\t\t\t<div class=\"elementor-cta__content\">\n\t\t\t\t\n\t\t\t\t\t\t\t\t\t<h3 class=\"elementor-cta__title elementor-cta__content-item elementor-content-item\">\n\t\t\t\t\t\tThe journey\t\t\t\t\t<\/h3>\n\t\t\t\t\n\t\t\t\t\n\t\t\t\t\t\t\t\t\t<div class=\"elementor-cta__button-wrapper elementor-cta__content-item elementor-content-item \">\n\t\t\t\t\t<span class=\"elementor-cta__button elementor-button elementor-size-\">\n\t\t\t\t\t\tSee page\t\t\t\t\t<\/span>\n\t\t\t\t\t<\/div>\n\t\t\t\t\t\t\t<\/div>\n\t\t\t\t\t\t<\/a>\n\t\t\t\t\t\t<\/div>\n\t\t\t\t<\/div>\n\t\t\t\t<div class=\"elementor-element elementor-element-acc9c1c elementor-cta--valign-middle e-transform e-transform elementor-widget__width-initial elementor-cta--skin-classic elementor-widget elementor-widget-call-to-action\" data-id=\"acc9c1c\" data-element_type=\"widget\" data-e-type=\"widget\" data-settings=\"{&quot;_transform_rotateZ_effect_hover&quot;:{&quot;unit&quot;:&quot;px&quot;,&quot;size&quot;:-1,&quot;sizes&quot;:[]},&quot;_transform_translateY_effect_hover&quot;:{&quot;unit&quot;:&quot;px&quot;,&quot;size&quot;:-16,&quot;sizes&quot;:[]},&quot;_transform_rotateZ_effect_hover_tablet&quot;:{&quot;unit&quot;:&quot;deg&quot;,&quot;size&quot;:&quot;&quot;,&quot;sizes&quot;:[]},&quot;_transform_rotateZ_effect_hover_mobile&quot;:{&quot;unit&quot;:&quot;deg&quot;,&quot;size&quot;:&quot;&quot;,&quot;sizes&quot;:[]},&quot;_transform_translateX_effect_hover&quot;:{&quot;unit&quot;:&quot;px&quot;,&quot;size&quot;:&quot;&quot;,&quot;sizes&quot;:[]},&quot;_transform_translateX_effect_hover_tablet&quot;:{&quot;unit&quot;:&quot;px&quot;,&quot;size&quot;:&quot;&quot;,&quot;sizes&quot;:[]},&quot;_transform_translateX_effect_hover_mobile&quot;:{&quot;unit&quot;:&quot;px&quot;,&quot;size&quot;:&quot;&quot;,&quot;sizes&quot;:[]},&quot;_transform_translateY_effect_hover_tablet&quot;:{&quot;unit&quot;:&quot;px&quot;,&quot;size&quot;:&quot;&quot;,&quot;sizes&quot;:[]},&quot;_transform_translateY_effect_hover_mobile&quot;:{&quot;unit&quot;:&quot;px&quot;,&quot;size&quot;:&quot;&quot;,&quot;sizes&quot;:[]}}\" data-widget_type=\"call-to-action.default\">\n\t\t\t\t<div class=\"elementor-widget-container\">\n\t\t\t\t\t\t\t<a class=\"elementor-cta\" href=\"https:\/\/www.culturebeaconsfield.ca\/notre-histoire\/historique\/consultations-2019\/\">\n\t\t\t\t\t\t\t<div class=\"elementor-cta__content\">\n\t\t\t\t\n\t\t\t\t\t\t\t\t\t<h3 class=\"elementor-cta__title elementor-cta__content-item elementor-content-item\">\n\t\t\t\t\t\tCitizen consultations\t\t\t\t\t<\/h3>\n\t\t\t\t\n\t\t\t\t\n\t\t\t\t\t\t\t\t\t<div class=\"elementor-cta__button-wrapper elementor-cta__content-item elementor-content-item \">\n\t\t\t\t\t<span class=\"elementor-cta__button elementor-button elementor-size-\">\n\t\t\t\t\t\tSee page\t\t\t\t\t<\/span>\n\t\t\t\t\t<\/div>\n\t\t\t\t\t\t\t<\/div>\n\t\t\t\t\t\t<\/a>\n\t\t\t\t\t\t<\/div>\n\t\t\t\t<\/div>\n\t\t\t\t<\/div>\n\t\t\t\t\t<\/div>\n\t\t\t\t<\/div>\n\t\t\t\t<\/div>\n\t\t","protected":false},"excerpt":{"rendered":"<p>The journey See page Citizen consultations See page<\/p>\n","protected":false},"author":1,"featured_media":983,"parent":1262,"menu_order":0,"comment_status":"closed","ping_status":"closed","template":"","meta":{"_acf_changed":false,"inline_featured_image":false,"footnotes":""},"class_list":["post-1274","page","type-page","status-publish","has-post-thumbnail","hentry"],"acf":[],"yoast_head":"<!-- This site is optimized with the Yoast SEO plugin v27.5 - https:\/\/yoast.com\/product\/yoast-seo-wordpress\/ -->\n<title>History - Centre Culture Beaconsfield<\/title>\n<meta name=\"robots\" content=\"index, follow, max-snippet:-1, max-image-preview:large, max-video-preview:-1\" \/>\n<link rel=\"canonical\" href=\"https:\/\/www.culturebeaconsfield.ca\/en\/our-story\/history\/\" \/>\n<meta property=\"og:locale\" content=\"en_US\" \/>\n<meta property=\"og:type\" content=\"article\" \/>\n<meta property=\"og:title\" content=\"History - Centre Culture Beaconsfield\" \/>\n<meta property=\"og:description\" content=\"The journey See page Citizen consultations See page\" \/>\n<meta property=\"og:url\" content=\"https:\/\/www.culturebeaconsfield.ca\/en\/our-story\/history\/\" \/>\n<meta property=\"og:site_name\" content=\"Centre Culture Beaconsfield\" \/>\n<meta property=\"article:modified_time\" content=\"2025-06-17T19:39:39+00:00\" \/>\n<meta property=\"og:image\" content=\"https:\/\/www.culturebeaconsfield.ca\/wp-content\/uploads\/2025\/06\/Beaconsfield_Cultural_Lemay_2-scaled.jpg\" \/>\n\t<meta property=\"og:image:width\" content=\"2560\" \/>\n\t<meta property=\"og:image:height\" content=\"1422\" \/>\n\t<meta property=\"og:image:type\" content=\"image\/jpeg\" \/>\n<meta name=\"twitter:card\" content=\"summary_large_image\" \/>\n<meta name=\"twitter:label1\" content=\"Est. reading time\" \/>\n\t<meta name=\"twitter:data1\" content=\"1 minute\" \/>\n<script type=\"application\/ld+json\" class=\"yoast-schema-graph\">{\"@context\":\"https:\\\/\\\/schema.org\",\"@graph\":[{\"@type\":\"WebPage\",\"@id\":\"https:\\\/\\\/www.culturebeaconsfield.ca\\\/en\\\/our-story\\\/history\\\/\",\"url\":\"https:\\\/\\\/www.culturebeaconsfield.ca\\\/en\\\/our-story\\\/history\\\/\",\"name\":\"History - Centre Culture Beaconsfield\",\"isPartOf\":{\"@id\":\"https:\\\/\\\/www.culturebeaconsfield.ca\\\/en\\\/#website\"},\"primaryImageOfPage\":{\"@id\":\"https:\\\/\\\/www.culturebeaconsfield.ca\\\/en\\\/our-story\\\/history\\\/#primaryimage\"},\"image\":{\"@id\":\"https:\\\/\\\/www.culturebeaconsfield.ca\\\/en\\\/our-story\\\/history\\\/#primaryimage\"},\"thumbnailUrl\":\"https:\\\/\\\/www.culturebeaconsfield.ca\\\/wp-content\\\/uploads\\\/2025\\\/06\\\/Beaconsfield_Cultural_Lemay_2-scaled-e1750965776533.jpg\",\"datePublished\":\"2025-06-06T14:32:07+00:00\",\"dateModified\":\"2025-06-17T19:39:39+00:00\",\"breadcrumb\":{\"@id\":\"https:\\\/\\\/www.culturebeaconsfield.ca\\\/en\\\/our-story\\\/history\\\/#breadcrumb\"},\"inLanguage\":\"en-US\",\"potentialAction\":[{\"@type\":\"ReadAction\",\"target\":[\"https:\\\/\\\/www.culturebeaconsfield.ca\\\/en\\\/our-story\\\/history\\\/\"]}]},{\"@type\":\"ImageObject\",\"inLanguage\":\"en-US\",\"@id\":\"https:\\\/\\\/www.culturebeaconsfield.ca\\\/en\\\/our-story\\\/history\\\/#primaryimage\",\"url\":\"https:\\\/\\\/www.culturebeaconsfield.ca\\\/wp-content\\\/uploads\\\/2025\\\/06\\\/Beaconsfield_Cultural_Lemay_2-scaled-e1750965776533.jpg\",\"contentUrl\":\"https:\\\/\\\/www.culturebeaconsfield.ca\\\/wp-content\\\/uploads\\\/2025\\\/06\\\/Beaconsfield_Cultural_Lemay_2-scaled-e1750965776533.jpg\",\"width\":2560,\"height\":734,\"caption\":\"Toit v\u00e9g\u00e9talis\u00e9\"},{\"@type\":\"BreadcrumbList\",\"@id\":\"https:\\\/\\\/www.culturebeaconsfield.ca\\\/en\\\/our-story\\\/history\\\/#breadcrumb\",\"itemListElement\":[{\"@type\":\"ListItem\",\"position\":1,\"name\":\"Accueil\",\"item\":\"https:\\\/\\\/www.culturebeaconsfield.ca\\\/en\\\/\"},{\"@type\":\"ListItem\",\"position\":2,\"name\":\"Our story\",\"item\":\"https:\\\/\\\/www.culturebeaconsfield.ca\\\/en\\\/our-story\\\/\"},{\"@type\":\"ListItem\",\"position\":3,\"name\":\"History\"}]},{\"@type\":\"WebSite\",\"@id\":\"https:\\\/\\\/www.culturebeaconsfield.ca\\\/en\\\/#website\",\"url\":\"https:\\\/\\\/www.culturebeaconsfield.ca\\\/en\\\/\",\"name\":\"Centre Culture Beaconsfield\",\"description\":\"\",\"publisher\":{\"@id\":\"https:\\\/\\\/www.culturebeaconsfield.ca\\\/en\\\/#organization\"},\"potentialAction\":[{\"@type\":\"SearchAction\",\"target\":{\"@type\":\"EntryPoint\",\"urlTemplate\":\"https:\\\/\\\/www.culturebeaconsfield.ca\\\/en\\\/?s={search_term_string}\"},\"query-input\":{\"@type\":\"PropertyValueSpecification\",\"valueRequired\":true,\"valueName\":\"search_term_string\"}}],\"inLanguage\":\"en-US\"},{\"@type\":\"Organization\",\"@id\":\"https:\\\/\\\/www.culturebeaconsfield.ca\\\/en\\\/#organization\",\"name\":\"Centre Culture Beaconsfield\",\"url\":\"https:\\\/\\\/www.culturebeaconsfield.ca\\\/en\\\/\",\"logo\":{\"@type\":\"ImageObject\",\"inLanguage\":\"en-US\",\"@id\":\"https:\\\/\\\/www.culturebeaconsfield.ca\\\/en\\\/#\\\/schema\\\/logo\\\/image\\\/\",\"url\":\"https:\\\/\\\/www.culturebeaconsfield.ca\\\/wp-content\\\/uploads\\\/2025\\\/05\\\/centreculture-logo.svg\",\"contentUrl\":\"https:\\\/\\\/www.culturebeaconsfield.ca\\\/wp-content\\\/uploads\\\/2025\\\/05\\\/centreculture-logo.svg\",\"width\":889,\"height\":212,\"caption\":\"Centre Culture Beaconsfield\"},\"image\":{\"@id\":\"https:\\\/\\\/www.culturebeaconsfield.ca\\\/en\\\/#\\\/schema\\\/logo\\\/image\\\/\"}}]}<\/script>\n<!-- \/ Yoast SEO plugin. -->","yoast_head_json":{"title":"History - Centre Culture Beaconsfield","robots":{"index":"index","follow":"follow","max-snippet":"max-snippet:-1","max-image-preview":"max-image-preview:large","max-video-preview":"max-video-preview:-1"},"canonical":"https:\/\/www.culturebeaconsfield.ca\/en\/our-story\/history\/","og_locale":"en_US","og_type":"article","og_title":"History - Centre Culture Beaconsfield","og_description":"The journey See page Citizen consultations See page","og_url":"https:\/\/www.culturebeaconsfield.ca\/en\/our-story\/history\/","og_site_name":"Centre Culture Beaconsfield","article_modified_time":"2025-06-17T19:39:39+00:00","og_image":[{"width":2560,"height":1422,"url":"https:\/\/www.culturebeaconsfield.ca\/wp-content\/uploads\/2025\/06\/Beaconsfield_Cultural_Lemay_2-scaled.jpg","type":"image\/jpeg"}],"twitter_card":"summary_large_image","twitter_misc":{"Est. reading time":"1 minute"},"schema":{"@context":"https:\/\/schema.org","@graph":[{"@type":"WebPage","@id":"https:\/\/www.culturebeaconsfield.ca\/en\/our-story\/history\/","url":"https:\/\/www.culturebeaconsfield.ca\/en\/our-story\/history\/","name":"History - Centre Culture Beaconsfield","isPartOf":{"@id":"https:\/\/www.culturebeaconsfield.ca\/en\/#website"},"primaryImageOfPage":{"@id":"https:\/\/www.culturebeaconsfield.ca\/en\/our-story\/history\/#primaryimage"},"image":{"@id":"https:\/\/www.culturebeaconsfield.ca\/en\/our-story\/history\/#primaryimage"},"thumbnailUrl":"https:\/\/www.culturebeaconsfield.ca\/wp-content\/uploads\/2025\/06\/Beaconsfield_Cultural_Lemay_2-scaled-e1750965776533.jpg","datePublished":"2025-06-06T14:32:07+00:00","dateModified":"2025-06-17T19:39:39+00:00","breadcrumb":{"@id":"https:\/\/www.culturebeaconsfield.ca\/en\/our-story\/history\/#breadcrumb"},"inLanguage":"en-US","potentialAction":[{"@type":"ReadAction","target":["https:\/\/www.culturebeaconsfield.ca\/en\/our-story\/history\/"]}]},{"@type":"ImageObject","inLanguage":"en-US","@id":"https:\/\/www.culturebeaconsfield.ca\/en\/our-story\/history\/#primaryimage","url":"https:\/\/www.culturebeaconsfield.ca\/wp-content\/uploads\/2025\/06\/Beaconsfield_Cultural_Lemay_2-scaled-e1750965776533.jpg","contentUrl":"https:\/\/www.culturebeaconsfield.ca\/wp-content\/uploads\/2025\/06\/Beaconsfield_Cultural_Lemay_2-scaled-e1750965776533.jpg","width":2560,"height":734,"caption":"Toit v\u00e9g\u00e9talis\u00e9"},{"@type":"BreadcrumbList","@id":"https:\/\/www.culturebeaconsfield.ca\/en\/our-story\/history\/#breadcrumb","itemListElement":[{"@type":"ListItem","position":1,"name":"Accueil","item":"https:\/\/www.culturebeaconsfield.ca\/en\/"},{"@type":"ListItem","position":2,"name":"Our story","item":"https:\/\/www.culturebeaconsfield.ca\/en\/our-story\/"},{"@type":"ListItem","position":3,"name":"History"}]},{"@type":"WebSite","@id":"https:\/\/www.culturebeaconsfield.ca\/en\/#website","url":"https:\/\/www.culturebeaconsfield.ca\/en\/","name":"Centre Culture Beaconsfield","description":"","publisher":{"@id":"https:\/\/www.culturebeaconsfield.ca\/en\/#organization"},"potentialAction":[{"@type":"SearchAction","target":{"@type":"EntryPoint","urlTemplate":"https:\/\/www.culturebeaconsfield.ca\/en\/?s={search_term_string}"},"query-input":{"@type":"PropertyValueSpecification","valueRequired":true,"valueName":"search_term_string"}}],"inLanguage":"en-US"},{"@type":"Organization","@id":"https:\/\/www.culturebeaconsfield.ca\/en\/#organization","name":"Centre Culture Beaconsfield","url":"https:\/\/www.culturebeaconsfield.ca\/en\/","logo":{"@type":"ImageObject","inLanguage":"en-US","@id":"https:\/\/www.culturebeaconsfield.ca\/en\/#\/schema\/logo\/image\/","url":"https:\/\/www.culturebeaconsfield.ca\/wp-content\/uploads\/2025\/05\/centreculture-logo.svg","contentUrl":"https:\/\/www.culturebeaconsfield.ca\/wp-content\/uploads\/2025\/05\/centreculture-logo.svg","width":889,"height":212,"caption":"Centre Culture Beaconsfield"},"image":{"@id":"https:\/\/www.culturebeaconsfield.ca\/en\/#\/schema\/logo\/image\/"}}]}},"_links":{"self":[{"href":"https:\/\/www.culturebeaconsfield.ca\/en\/wp-json\/wp\/v2\/pages\/1274","targetHints":{"allow":["GET"]}}],"collection":[{"href":"https:\/\/www.culturebeaconsfield.ca\/en\/wp-json\/wp\/v2\/pages"}],"about":[{"href":"https:\/\/www.culturebeaconsfield.ca\/en\/wp-json\/wp\/v2\/types\/page"}],"author":[{"embeddable":true,"href":"https:\/\/www.culturebeaconsfield.ca\/en\/wp-json\/wp\/v2\/users\/1"}],"replies":[{"embeddable":true,"href":"https:\/\/www.culturebeaconsfield.ca\/en\/wp-json\/wp\/v2\/comments?post=1274"}],"version-history":[{"count":0,"href":"https:\/\/www.culturebeaconsfield.ca\/en\/wp-json\/wp\/v2\/pages\/1274\/revisions"}],"up":[{"embeddable":true,"href":"https:\/\/www.culturebeaconsfield.ca\/en\/wp-json\/wp\/v2\/pages\/1262"}],"wp:featuredmedia":[{"embeddable":true,"href":"https:\/\/www.culturebeaconsfield.ca\/en\/wp-json\/wp\/v2\/media\/983"}],"wp:attachment":[{"href":"https:\/\/www.culturebeaconsfield.ca\/en\/wp-json\/wp\/v2\/media?parent=1274"}],"curies":[{"name":"wp","href":"https:\/\/api.w.org\/{rel}","templated":true}]}}