{"id":1302,"date":"2025-06-06T10:35:07","date_gmt":"2025-06-06T14:35:07","guid":{"rendered":"https:\/\/www.culturebeaconsfield.ca\/our-story\/documentation\/communiques-de-presse\/"},"modified":"2026-03-16T10:36:34","modified_gmt":"2026-03-16T14:36:34","slug":"press-releases","status":"publish","type":"page","link":"https:\/\/www.culturebeaconsfield.ca\/en\/our-story\/documentation\/press-releases\/","title":{"rendered":"Press releases"},"content":{"rendered":"\t\t<div data-elementor-type=\"wp-page\" data-elementor-id=\"1302\" class=\"elementor elementor-1302 elementor-747\" data-elementor-post-type=\"page\">\n\t\t\t\t<div class=\"elementor-element elementor-element-42fa717 e-flex e-con-boxed e-con e-parent\" data-id=\"42fa717\" data-element_type=\"container\" data-e-type=\"container\">\n\t\t\t\t\t<div class=\"e-con-inner\">\n\t\t\t\t<div class=\"elementor-element elementor-element-7c3c5dd elementor-invisible elementor-widget elementor-widget-heading\" data-id=\"7c3c5dd\" data-element_type=\"widget\" data-e-type=\"widget\" data-settings=\"{&quot;_animation&quot;:&quot;fadeIn&quot;}\" data-widget_type=\"heading.default\">\n\t\t\t\t<div class=\"elementor-widget-container\">\n\t\t\t\t\t<h2 class=\"elementor-heading-title elementor-size-default\">Press releases about the Centre<\/h2>\t\t\t\t<\/div>\n\t\t\t\t<\/div>\n\t\t<div class=\"elementor-element elementor-element-7b4c6a8 e-con-full e-flex e-con e-child\" data-id=\"7b4c6a8\" data-element_type=\"container\" data-e-type=\"container\">\n\t\t\t\t<div class=\"elementor-element elementor-element-c7c0a45 elementor-invisible elementor-widget elementor-widget-heading\" data-id=\"c7c0a45\" data-element_type=\"widget\" data-e-type=\"widget\" data-settings=\"{&quot;_animation&quot;:&quot;fadeIn&quot;}\" data-widget_type=\"heading.default\">\n\t\t\t\t<div class=\"elementor-widget-container\">\n\t\t\t\t\t<h3 class=\"elementor-heading-title elementor-size-default\">Architectural competition - The jury is set for the making of Imagine Centennial<\/h3>\t\t\t\t<\/div>\n\t\t\t\t<\/div>\n\t\t\t\t<div class=\"elementor-element elementor-element-9716cd5 elementor-widget elementor-widget-text-editor\" data-id=\"9716cd5\" data-element_type=\"widget\" data-e-type=\"widget\" data-widget_type=\"text-editor.default\">\n\t\t\t\t<div class=\"elementor-widget-container\">\n\t\t\t\t\t\t\t\t\t<p>BEACONSFIELD, January 23, 2024 \u2013 The mayor of Beaconsfield, Georges Bourelle, and the members of the Municipal Council are pleased to announce the launch of the architectural competition for the construction of a multipurpose cultural centre as part of the Imagine Centennial project.<\/p>\t\t\t\t\t\t\t\t<\/div>\n\t\t\t\t<\/div>\n\t\t\t\t<div class=\"elementor-element elementor-element-e45e530 elementor-widget elementor-widget-button\" data-id=\"e45e530\" data-element_type=\"widget\" data-e-type=\"widget\" data-widget_type=\"button.default\">\n\t\t\t\t<div class=\"elementor-widget-container\">\n\t\t\t\t\t\t\t\t\t<div class=\"elementor-button-wrapper\">\n\t\t\t\t\t<a class=\"elementor-button elementor-button-link elementor-size-sm elementor-animation-float\" href=\"https:\/\/www.newswire.ca\/news-releases\/architectural-competition-the-jury-is-set-for-the-making-of-imagine-centennial-849238650.html\" target=\"_blank\">\n\t\t\t\t\t\t<span class=\"elementor-button-content-wrapper\">\n\t\t\t\t\t\t\t\t\t<span class=\"elementor-button-text\">Read more<\/span>\n\t\t\t\t\t<\/span>\n\t\t\t\t\t<\/a>\n\t\t\t\t<\/div>\n\t\t\t\t\t\t\t\t<\/div>\n\t\t\t\t<\/div>\n\t\t\t\t<\/div>\n\t\t<div class=\"elementor-element elementor-element-f9400df e-con-full e-flex e-con e-child\" data-id=\"f9400df\" data-element_type=\"container\" data-e-type=\"container\">\n\t\t\t\t<div class=\"elementor-element elementor-element-bb35a20 elementor-invisible elementor-widget elementor-widget-heading\" data-id=\"bb35a20\" data-element_type=\"widget\" data-e-type=\"widget\" data-settings=\"{&quot;_animation&quot;:&quot;fadeIn&quot;}\" data-widget_type=\"heading.default\">\n\t\t\t\t<div class=\"elementor-widget-container\">\n\t\t\t\t\t<h3 class=\"elementor-heading-title elementor-size-default\">Architectural contest - Announcement of the finalists chosen by the jury for the Imagine Centennial project<\/h3>\t\t\t\t<\/div>\n\t\t\t\t<\/div>\n\t\t\t\t<div class=\"elementor-element elementor-element-b778b9e elementor-widget elementor-widget-text-editor\" data-id=\"b778b9e\" data-element_type=\"widget\" data-e-type=\"widget\" data-widget_type=\"text-editor.default\">\n\t\t\t\t<div class=\"elementor-widget-container\">\n\t\t\t\t\t\t\t\t\t<p>BEACONSFIELD, April 16, 2024 \u2013 Mayor Georges Bourelle and members of the Municipal Council are delighted with the completion of the first phase of the multidisciplinary architectural competition for a new multipurpose cultural centre in Beaconsfield. This project is part of the overall revitalization of Centennial Park and Marina.<\/p>\t\t\t\t\t\t\t\t<\/div>\n\t\t\t\t<\/div>\n\t\t\t\t<div class=\"elementor-element elementor-element-eb0775c elementor-widget elementor-widget-button\" data-id=\"eb0775c\" data-element_type=\"widget\" data-e-type=\"widget\" data-widget_type=\"button.default\">\n\t\t\t\t<div class=\"elementor-widget-container\">\n\t\t\t\t\t\t\t\t\t<div class=\"elementor-button-wrapper\">\n\t\t\t\t\t<a class=\"elementor-button elementor-button-link elementor-size-sm elementor-animation-float\" href=\"https:\/\/www.newswire.ca\/news-releases\/architectural-contest-announcement-of-the-finalists-chosen-by-the-jury-for-the-imagine-centennial-project-816149754.html\" target=\"_blank\">\n\t\t\t\t\t\t<span class=\"elementor-button-content-wrapper\">\n\t\t\t\t\t\t\t\t\t<span class=\"elementor-button-text\">Read more<\/span>\n\t\t\t\t\t<\/span>\n\t\t\t\t\t<\/a>\n\t\t\t\t<\/div>\n\t\t\t\t\t\t\t\t<\/div>\n\t\t\t\t<\/div>\n\t\t\t\t<\/div>\n\t\t<div class=\"elementor-element elementor-element-30bb4cd e-con-full e-flex e-con e-child\" data-id=\"30bb4cd\" data-element_type=\"container\" data-e-type=\"container\">\n\t\t\t\t<div class=\"elementor-element elementor-element-b174946 elementor-invisible elementor-widget elementor-widget-heading\" data-id=\"b174946\" data-element_type=\"widget\" data-e-type=\"widget\" data-settings=\"{&quot;_animation&quot;:&quot;fadeIn&quot;}\" data-widget_type=\"heading.default\">\n\t\t\t\t<div class=\"elementor-widget-container\">\n\t\t\t\t\t<h3 class=\"elementor-heading-title elementor-size-default\">Financial support for the construction of a new multipurpose cultural centre - Governments recognize the importance of the Imagine Centennial revitalization project for the community<\/h3>\t\t\t\t<\/div>\n\t\t\t\t<\/div>\n\t\t\t\t<div class=\"elementor-element elementor-element-3f57597 elementor-widget elementor-widget-text-editor\" data-id=\"3f57597\" data-element_type=\"widget\" data-e-type=\"widget\" data-widget_type=\"text-editor.default\">\n\t\t\t\t<div class=\"elementor-widget-container\">\n\t\t\t\t\t\t\t\t\t<p>BEACONSFIELD, April 30, 2024 \u2013 The Mayor of Beaconsfield, Georges Bourelle, and the members of Municipal Council are pleased to announce the financial support granted by the provincial and federal governments for the first phase of the Imagine Centennial project, namely the construction of a new multipurpose cultural centre, after years of planning and citizen consultations that helped define the needs and establish a consensus among the population.<\/p>\t\t\t\t\t\t\t\t<\/div>\n\t\t\t\t<\/div>\n\t\t\t\t<div class=\"elementor-element elementor-element-1198e33 elementor-widget elementor-widget-button\" data-id=\"1198e33\" data-element_type=\"widget\" data-e-type=\"widget\" data-widget_type=\"button.default\">\n\t\t\t\t<div class=\"elementor-widget-container\">\n\t\t\t\t\t\t\t\t\t<div class=\"elementor-button-wrapper\">\n\t\t\t\t\t<a class=\"elementor-button elementor-button-link elementor-size-sm elementor-animation-float\" href=\"https:\/\/www.newswire.ca\/news-releases\/financial-support-for-the-construction-of-a-new-multipurpose-cultural-centre-governments-recognize-the-importance-of-the-imagine-centennial-revitalization-project-for-the-community-816442133.html\" target=\"_blank\">\n\t\t\t\t\t\t<span class=\"elementor-button-content-wrapper\">\n\t\t\t\t\t\t\t\t\t<span class=\"elementor-button-text\">Read more<\/span>\n\t\t\t\t\t<\/span>\n\t\t\t\t\t<\/a>\n\t\t\t\t<\/div>\n\t\t\t\t\t\t\t\t<\/div>\n\t\t\t\t<\/div>\n\t\t\t\t<\/div>\n\t\t<div class=\"elementor-element elementor-element-91f2305 e-con-full e-flex e-con e-child\" data-id=\"91f2305\" data-element_type=\"container\" data-e-type=\"container\">\n\t\t\t\t<div class=\"elementor-element elementor-element-c9c64de elementor-invisible elementor-widget elementor-widget-heading\" data-id=\"c9c64de\" data-element_type=\"widget\" data-e-type=\"widget\" data-settings=\"{&quot;_animation&quot;:&quot;fadeIn&quot;}\" data-widget_type=\"heading.default\">\n\t\t\t\t<div class=\"elementor-widget-container\">\n\t\t\t\t\t<h3 class=\"elementor-heading-title elementor-size-default\">IMAGINE Centennial project reaches a key milestone with the selection of Lemay-Bouthillette Parizeau-Elema for their project \"Pr\u00e9face Culturelle - un paysage r\u00e9invent\u00e9\"<\/h3>\t\t\t\t<\/div>\n\t\t\t\t<\/div>\n\t\t\t\t<div class=\"elementor-element elementor-element-216310f elementor-widget elementor-widget-text-editor\" data-id=\"216310f\" data-element_type=\"widget\" data-e-type=\"widget\" data-widget_type=\"text-editor.default\">\n\t\t\t\t<div class=\"elementor-widget-container\">\n\t\t\t\t\t\t\t\t\t<p>BEACONSFIELD, July 19, 2024 &#8211; Beaconsfield City Council has officially endorsed the decision of the multidisciplinary architectural contest jury to select Lemay-Bouthillette Parizeau-Elema for the design of the multipurpose cultural centre for the IMAGINE Centennial project. During its meeting on July 15, Council mandated the administration to continue the process with a view to awarding, this fall, the contracts for the preparation of plans and specifications.<\/p>\t\t\t\t\t\t\t\t<\/div>\n\t\t\t\t<\/div>\n\t\t\t\t<div class=\"elementor-element elementor-element-c7cf685 elementor-widget elementor-widget-button\" data-id=\"c7cf685\" data-element_type=\"widget\" data-e-type=\"widget\" data-widget_type=\"button.default\">\n\t\t\t\t<div class=\"elementor-widget-container\">\n\t\t\t\t\t\t\t\t\t<div class=\"elementor-button-wrapper\">\n\t\t\t\t\t<a class=\"elementor-button elementor-button-link elementor-size-sm elementor-animation-float\" href=\"https:\/\/www.newswire.ca\/news-releases\/imagine-centennial-project-reaches-a-key-milestone-with-the-selection-of-lemay-bouthillette-parizeau-elema-for-their-project-preface-culturelle-un-paysage-reinvente--808531326.html\" target=\"_blank\">\n\t\t\t\t\t\t<span class=\"elementor-button-content-wrapper\">\n\t\t\t\t\t\t\t\t\t<span class=\"elementor-button-text\">Read more<\/span>\n\t\t\t\t\t<\/span>\n\t\t\t\t\t<\/a>\n\t\t\t\t<\/div>\n\t\t\t\t\t\t\t\t<\/div>\n\t\t\t\t<\/div>\n\t\t\t\t<div class=\"elementor-element elementor-element-0c680e6 elementor-widget-divider--view-line elementor-widget elementor-widget-divider\" data-id=\"0c680e6\" data-element_type=\"widget\" data-e-type=\"widget\" data-widget_type=\"divider.default\">\n\t\t\t\t<div class=\"elementor-widget-container\">\n\t\t\t\t\t\t\t<div class=\"elementor-divider\">\n\t\t\t<span class=\"elementor-divider-separator\">\n\t\t\t\t\t\t<\/span>\n\t\t<\/div>\n\t\t\t\t\t\t<\/div>\n\t\t\t\t<\/div>\n\t\t\t\t<\/div>\n\t\t\t\t<div class=\"elementor-element elementor-element-f612494 elementor-invisible elementor-widget elementor-widget-heading\" data-id=\"f612494\" data-element_type=\"widget\" data-e-type=\"widget\" data-settings=\"{&quot;_animation&quot;:&quot;fadeIn&quot;}\" data-widget_type=\"heading.default\">\n\t\t\t\t<div class=\"elementor-widget-container\">\n\t\t\t\t\t<h3 class=\"elementor-heading-title elementor-size-default\">Beaconsfield reaches a decisive milestone: construction contract for the Cultural Centre awarded<\/h3>\t\t\t\t<\/div>\n\t\t\t\t<\/div>\n\t\t\t\t<div class=\"elementor-element elementor-element-99c3c2b elementor-widget elementor-widget-text-editor\" data-id=\"99c3c2b\" data-element_type=\"widget\" data-e-type=\"widget\" data-widget_type=\"text-editor.default\">\n\t\t\t\t<div class=\"elementor-widget-container\">\n\t\t\t\t\t\t\t\t\t<p>BEACONSFIELD, February 24, 2026 \u2013 Mayor Martin St-Jean and the members of Municipal Council are proud to announce the awarding of the contract for the construction of the future Beaconsfield Cultural Centre. Work will begin this spring at the marina site adjacent to Centennial Park, one of the City\u2019s most iconic and beloved gathering places.<\/p>\t\t\t\t\t\t\t\t<\/div>\n\t\t\t\t<\/div>\n\t\t\t\t<div class=\"elementor-element elementor-element-fdd55e2 elementor-widget elementor-widget-button\" data-id=\"fdd55e2\" data-element_type=\"widget\" data-e-type=\"widget\" data-widget_type=\"button.default\">\n\t\t\t\t<div class=\"elementor-widget-container\">\n\t\t\t\t\t\t\t\t\t<div class=\"elementor-button-wrapper\">\n\t\t\t\t\t<a class=\"elementor-button elementor-button-link elementor-size-sm elementor-animation-float\" href=\"https:\/\/www.newswire.ca\/news-releases\/beaconsfield-reaches-a-decisive-milestone-construction-contract-for-the-cultural-centre-awarded-810369539.html\" target=\"_blank\">\n\t\t\t\t\t\t<span class=\"elementor-button-content-wrapper\">\n\t\t\t\t\t\t\t\t\t<span class=\"elementor-button-text\">Read more<\/span>\n\t\t\t\t\t<\/span>\n\t\t\t\t\t<\/a>\n\t\t\t\t<\/div>\n\t\t\t\t\t\t\t\t<\/div>\n\t\t\t\t<\/div>\n\t\t\t\t\t<\/div>\n\t\t\t\t<\/div>\n\t\t\t\t<\/div>\n\t\t","protected":false},"excerpt":{"rendered":"<p>Press releases about the Centre Architectural competition &#8211; The jury is set for the making of Imagine Centennial BEACONSFIELD, January 23, 2024 \u2013 The mayor of Beaconsfield, Georges Bourelle, and the members of the Municipal Council are pleased to announce the launch of the architectural competition for the construction of a multipurpose cultural centre as [&hellip;]<\/p>\n","protected":false},"author":1,"featured_media":1022,"parent":1268,"menu_order":0,"comment_status":"closed","ping_status":"closed","template":"","meta":{"_acf_changed":false,"inline_featured_image":false,"footnotes":""},"class_list":["post-1302","page","type-page","status-publish","has-post-thumbnail","hentry"],"acf":[],"yoast_head":"<!-- This site is optimized with the Yoast SEO plugin v27.5 - https:\/\/yoast.com\/product\/yoast-seo-wordpress\/ -->\n<title>Press releases - Centre Culture Beaconsfield<\/title>\n<meta name=\"robots\" content=\"index, follow, max-snippet:-1, max-image-preview:large, max-video-preview:-1\" \/>\n<link rel=\"canonical\" href=\"https:\/\/www.culturebeaconsfield.ca\/en\/our-story\/documentation\/press-releases\/\" \/>\n<meta property=\"og:locale\" content=\"en_US\" \/>\n<meta property=\"og:type\" content=\"article\" \/>\n<meta property=\"og:title\" content=\"Press releases - Centre Culture Beaconsfield\" \/>\n<meta property=\"og:description\" content=\"Press releases about the Centre Architectural competition &#8211; The jury is set for the making of Imagine Centennial BEACONSFIELD, January 23, 2024 \u2013 The mayor of Beaconsfield, Georges Bourelle, and the members of the Municipal Council are pleased to announce the launch of the architectural competition for the construction of a multipurpose cultural centre as [&hellip;]\" \/>\n<meta property=\"og:url\" content=\"https:\/\/www.culturebeaconsfield.ca\/en\/our-story\/documentation\/press-releases\/\" \/>\n<meta property=\"og:site_name\" content=\"Centre Culture Beaconsfield\" \/>\n<meta property=\"article:modified_time\" content=\"2026-03-16T14:36:34+00:00\" \/>\n<meta property=\"og:image\" content=\"https:\/\/www.culturebeaconsfield.ca\/wp-content\/uploads\/2025\/06\/Beaconsfield_EspaceLecture-scaled.jpg\" \/>\n\t<meta property=\"og:image:width\" content=\"2560\" \/>\n\t<meta property=\"og:image:height\" content=\"1422\" \/>\n\t<meta property=\"og:image:type\" content=\"image\/jpeg\" \/>\n<meta name=\"twitter:card\" content=\"summary_large_image\" \/>\n<meta name=\"twitter:label1\" content=\"Est. reading time\" \/>\n\t<meta name=\"twitter:data1\" content=\"2 minutes\" \/>\n<script type=\"application\/ld+json\" class=\"yoast-schema-graph\">{\"@context\":\"https:\\\/\\\/schema.org\",\"@graph\":[{\"@type\":\"WebPage\",\"@id\":\"https:\\\/\\\/www.culturebeaconsfield.ca\\\/en\\\/our-story\\\/documentation\\\/press-releases\\\/\",\"url\":\"https:\\\/\\\/www.culturebeaconsfield.ca\\\/en\\\/our-story\\\/documentation\\\/press-releases\\\/\",\"name\":\"Press releases - Centre Culture Beaconsfield\",\"isPartOf\":{\"@id\":\"https:\\\/\\\/www.culturebeaconsfield.ca\\\/en\\\/#website\"},\"primaryImageOfPage\":{\"@id\":\"https:\\\/\\\/www.culturebeaconsfield.ca\\\/en\\\/our-story\\\/documentation\\\/press-releases\\\/#primaryimage\"},\"image\":{\"@id\":\"https:\\\/\\\/www.culturebeaconsfield.ca\\\/en\\\/our-story\\\/documentation\\\/press-releases\\\/#primaryimage\"},\"thumbnailUrl\":\"https:\\\/\\\/www.culturebeaconsfield.ca\\\/wp-content\\\/uploads\\\/2025\\\/06\\\/Beaconsfield_EspaceLecture-scaled.jpg\",\"datePublished\":\"2025-06-06T14:35:07+00:00\",\"dateModified\":\"2026-03-16T14:36:34+00:00\",\"breadcrumb\":{\"@id\":\"https:\\\/\\\/www.culturebeaconsfield.ca\\\/en\\\/our-story\\\/documentation\\\/press-releases\\\/#breadcrumb\"},\"inLanguage\":\"en-US\",\"potentialAction\":[{\"@type\":\"ReadAction\",\"target\":[\"https:\\\/\\\/www.culturebeaconsfield.ca\\\/en\\\/our-story\\\/documentation\\\/press-releases\\\/\"]}]},{\"@type\":\"ImageObject\",\"inLanguage\":\"en-US\",\"@id\":\"https:\\\/\\\/www.culturebeaconsfield.ca\\\/en\\\/our-story\\\/documentation\\\/press-releases\\\/#primaryimage\",\"url\":\"https:\\\/\\\/www.culturebeaconsfield.ca\\\/wp-content\\\/uploads\\\/2025\\\/06\\\/Beaconsfield_EspaceLecture-scaled.jpg\",\"contentUrl\":\"https:\\\/\\\/www.culturebeaconsfield.ca\\\/wp-content\\\/uploads\\\/2025\\\/06\\\/Beaconsfield_EspaceLecture-scaled.jpg\",\"width\":2560,\"height\":1422},{\"@type\":\"BreadcrumbList\",\"@id\":\"https:\\\/\\\/www.culturebeaconsfield.ca\\\/en\\\/our-story\\\/documentation\\\/press-releases\\\/#breadcrumb\",\"itemListElement\":[{\"@type\":\"ListItem\",\"position\":1,\"name\":\"Accueil\",\"item\":\"https:\\\/\\\/www.culturebeaconsfield.ca\\\/en\\\/\"},{\"@type\":\"ListItem\",\"position\":2,\"name\":\"Our story\",\"item\":\"https:\\\/\\\/www.culturebeaconsfield.ca\\\/en\\\/our-story\\\/\"},{\"@type\":\"ListItem\",\"position\":3,\"name\":\"Documentation\",\"item\":\"https:\\\/\\\/www.culturebeaconsfield.ca\\\/en\\\/our-story\\\/documentation\\\/\"},{\"@type\":\"ListItem\",\"position\":4,\"name\":\"Press releases\"}]},{\"@type\":\"WebSite\",\"@id\":\"https:\\\/\\\/www.culturebeaconsfield.ca\\\/en\\\/#website\",\"url\":\"https:\\\/\\\/www.culturebeaconsfield.ca\\\/en\\\/\",\"name\":\"Centre Culture Beaconsfield\",\"description\":\"\",\"publisher\":{\"@id\":\"https:\\\/\\\/www.culturebeaconsfield.ca\\\/en\\\/#organization\"},\"potentialAction\":[{\"@type\":\"SearchAction\",\"target\":{\"@type\":\"EntryPoint\",\"urlTemplate\":\"https:\\\/\\\/www.culturebeaconsfield.ca\\\/en\\\/?s={search_term_string}\"},\"query-input\":{\"@type\":\"PropertyValueSpecification\",\"valueRequired\":true,\"valueName\":\"search_term_string\"}}],\"inLanguage\":\"en-US\"},{\"@type\":\"Organization\",\"@id\":\"https:\\\/\\\/www.culturebeaconsfield.ca\\\/en\\\/#organization\",\"name\":\"Centre Culture Beaconsfield\",\"url\":\"https:\\\/\\\/www.culturebeaconsfield.ca\\\/en\\\/\",\"logo\":{\"@type\":\"ImageObject\",\"inLanguage\":\"en-US\",\"@id\":\"https:\\\/\\\/www.culturebeaconsfield.ca\\\/en\\\/#\\\/schema\\\/logo\\\/image\\\/\",\"url\":\"https:\\\/\\\/www.culturebeaconsfield.ca\\\/wp-content\\\/uploads\\\/2025\\\/05\\\/centreculture-logo.svg\",\"contentUrl\":\"https:\\\/\\\/www.culturebeaconsfield.ca\\\/wp-content\\\/uploads\\\/2025\\\/05\\\/centreculture-logo.svg\",\"width\":889,\"height\":212,\"caption\":\"Centre Culture Beaconsfield\"},\"image\":{\"@id\":\"https:\\\/\\\/www.culturebeaconsfield.ca\\\/en\\\/#\\\/schema\\\/logo\\\/image\\\/\"}}]}<\/script>\n<!-- \/ Yoast SEO plugin. -->","yoast_head_json":{"title":"Press releases - Centre Culture Beaconsfield","robots":{"index":"index","follow":"follow","max-snippet":"max-snippet:-1","max-image-preview":"max-image-preview:large","max-video-preview":"max-video-preview:-1"},"canonical":"https:\/\/www.culturebeaconsfield.ca\/en\/our-story\/documentation\/press-releases\/","og_locale":"en_US","og_type":"article","og_title":"Press releases - Centre Culture Beaconsfield","og_description":"Press releases about the Centre Architectural competition &#8211; The jury is set for the making of Imagine Centennial BEACONSFIELD, January 23, 2024 \u2013 The mayor of Beaconsfield, Georges Bourelle, and the members of the Municipal Council are pleased to announce the launch of the architectural competition for the construction of a multipurpose cultural centre as [&hellip;]","og_url":"https:\/\/www.culturebeaconsfield.ca\/en\/our-story\/documentation\/press-releases\/","og_site_name":"Centre Culture Beaconsfield","article_modified_time":"2026-03-16T14:36:34+00:00","og_image":[{"width":2560,"height":1422,"url":"https:\/\/www.culturebeaconsfield.ca\/wp-content\/uploads\/2025\/06\/Beaconsfield_EspaceLecture-scaled.jpg","type":"image\/jpeg"}],"twitter_card":"summary_large_image","twitter_misc":{"Est. reading time":"2 minutes"},"schema":{"@context":"https:\/\/schema.org","@graph":[{"@type":"WebPage","@id":"https:\/\/www.culturebeaconsfield.ca\/en\/our-story\/documentation\/press-releases\/","url":"https:\/\/www.culturebeaconsfield.ca\/en\/our-story\/documentation\/press-releases\/","name":"Press releases - Centre Culture Beaconsfield","isPartOf":{"@id":"https:\/\/www.culturebeaconsfield.ca\/en\/#website"},"primaryImageOfPage":{"@id":"https:\/\/www.culturebeaconsfield.ca\/en\/our-story\/documentation\/press-releases\/#primaryimage"},"image":{"@id":"https:\/\/www.culturebeaconsfield.ca\/en\/our-story\/documentation\/press-releases\/#primaryimage"},"thumbnailUrl":"https:\/\/www.culturebeaconsfield.ca\/wp-content\/uploads\/2025\/06\/Beaconsfield_EspaceLecture-scaled.jpg","datePublished":"2025-06-06T14:35:07+00:00","dateModified":"2026-03-16T14:36:34+00:00","breadcrumb":{"@id":"https:\/\/www.culturebeaconsfield.ca\/en\/our-story\/documentation\/press-releases\/#breadcrumb"},"inLanguage":"en-US","potentialAction":[{"@type":"ReadAction","target":["https:\/\/www.culturebeaconsfield.ca\/en\/our-story\/documentation\/press-releases\/"]}]},{"@type":"ImageObject","inLanguage":"en-US","@id":"https:\/\/www.culturebeaconsfield.ca\/en\/our-story\/documentation\/press-releases\/#primaryimage","url":"https:\/\/www.culturebeaconsfield.ca\/wp-content\/uploads\/2025\/06\/Beaconsfield_EspaceLecture-scaled.jpg","contentUrl":"https:\/\/www.culturebeaconsfield.ca\/wp-content\/uploads\/2025\/06\/Beaconsfield_EspaceLecture-scaled.jpg","width":2560,"height":1422},{"@type":"BreadcrumbList","@id":"https:\/\/www.culturebeaconsfield.ca\/en\/our-story\/documentation\/press-releases\/#breadcrumb","itemListElement":[{"@type":"ListItem","position":1,"name":"Accueil","item":"https:\/\/www.culturebeaconsfield.ca\/en\/"},{"@type":"ListItem","position":2,"name":"Our story","item":"https:\/\/www.culturebeaconsfield.ca\/en\/our-story\/"},{"@type":"ListItem","position":3,"name":"Documentation","item":"https:\/\/www.culturebeaconsfield.ca\/en\/our-story\/documentation\/"},{"@type":"ListItem","position":4,"name":"Press releases"}]},{"@type":"WebSite","@id":"https:\/\/www.culturebeaconsfield.ca\/en\/#website","url":"https:\/\/www.culturebeaconsfield.ca\/en\/","name":"Centre Culture Beaconsfield","description":"","publisher":{"@id":"https:\/\/www.culturebeaconsfield.ca\/en\/#organization"},"potentialAction":[{"@type":"SearchAction","target":{"@type":"EntryPoint","urlTemplate":"https:\/\/www.culturebeaconsfield.ca\/en\/?s={search_term_string}"},"query-input":{"@type":"PropertyValueSpecification","valueRequired":true,"valueName":"search_term_string"}}],"inLanguage":"en-US"},{"@type":"Organization","@id":"https:\/\/www.culturebeaconsfield.ca\/en\/#organization","name":"Centre Culture Beaconsfield","url":"https:\/\/www.culturebeaconsfield.ca\/en\/","logo":{"@type":"ImageObject","inLanguage":"en-US","@id":"https:\/\/www.culturebeaconsfield.ca\/en\/#\/schema\/logo\/image\/","url":"https:\/\/www.culturebeaconsfield.ca\/wp-content\/uploads\/2025\/05\/centreculture-logo.svg","contentUrl":"https:\/\/www.culturebeaconsfield.ca\/wp-content\/uploads\/2025\/05\/centreculture-logo.svg","width":889,"height":212,"caption":"Centre Culture Beaconsfield"},"image":{"@id":"https:\/\/www.culturebeaconsfield.ca\/en\/#\/schema\/logo\/image\/"}}]}},"_links":{"self":[{"href":"https:\/\/www.culturebeaconsfield.ca\/en\/wp-json\/wp\/v2\/pages\/1302","targetHints":{"allow":["GET"]}}],"collection":[{"href":"https:\/\/www.culturebeaconsfield.ca\/en\/wp-json\/wp\/v2\/pages"}],"about":[{"href":"https:\/\/www.culturebeaconsfield.ca\/en\/wp-json\/wp\/v2\/types\/page"}],"author":[{"embeddable":true,"href":"https:\/\/www.culturebeaconsfield.ca\/en\/wp-json\/wp\/v2\/users\/1"}],"replies":[{"embeddable":true,"href":"https:\/\/www.culturebeaconsfield.ca\/en\/wp-json\/wp\/v2\/comments?post=1302"}],"version-history":[{"count":3,"href":"https:\/\/www.culturebeaconsfield.ca\/en\/wp-json\/wp\/v2\/pages\/1302\/revisions"}],"predecessor-version":[{"id":4630,"href":"https:\/\/www.culturebeaconsfield.ca\/en\/wp-json\/wp\/v2\/pages\/1302\/revisions\/4630"}],"up":[{"embeddable":true,"href":"https:\/\/www.culturebeaconsfield.ca\/en\/wp-json\/wp\/v2\/pages\/1268"}],"wp:featuredmedia":[{"embeddable":true,"href":"https:\/\/www.culturebeaconsfield.ca\/en\/wp-json\/wp\/v2\/media\/1022"}],"wp:attachment":[{"href":"https:\/\/www.culturebeaconsfield.ca\/en\/wp-json\/wp\/v2\/media?parent=1302"}],"curies":[{"name":"wp","href":"https:\/\/api.w.org\/{rel}","templated":true}]}}